{"id":635,"date":"2018-08-28T12:01:26","date_gmt":"2018-08-28T10:01:26","guid":{"rendered":"http:\/\/vodice-boats.com\/uvjeti-koristenja-i-privatnost\/"},"modified":"2018-11-23T10:27:11","modified_gmt":"2018-11-23T09:27:11","slug":"uvjeti-koristenja-i-privatnost","status":"publish","type":"page","link":"https:\/\/vodice-boats.com\/en\/uvjeti-koristenja-i-privatnost\/","title":{"rendered":"Uvjeti kori\u0161tenja i privatnost"},"content":{"rendered":"<h4 class=\"normal\"><b><span lang=\"UZ-CYR\">Podaci korisnika i njihova sigurnost<\/span><\/b><\/h4>\n<p class=\"normal\"><span lang=\"UZ-CYR\">Na odre\u0111enim mjestima unutar web stranice i u odre\u0111eno vrijeme, <\/span><span lang=\"UZ-CYR\">prikupljati \u0107e se osobni podaci korisnika. Ti podaci \u0107e se koristiti u svrhu kontakata i evidencije korisnika, te u svrhu statisti\u010dke obrade posje\u0107enosti web stranice. Vodice-brodovi d.o.o. jam\u010di da podatke koje prikupi na taj na\u010din ne\u0107e prodavati.<\/span><\/p>\n<p class=\"normal\"><span lang=\"UZ-CYR\">Ure\u0111ivanje i brisanje korisni\u010dkih podataka, te uklanjanje e-mail adresa iz mailing listi, mogu\u0107e je putem linkova za uklanjanje \/ ure\u0111ivanje podataka koji se nalaze u podno\u017eju svih promotivnih e-mailova tvrtke Vodice-brodovi d.o.o.. Za informacijama o njihovim podacima, korisnici se mogu obratiti putem e-mail adrese info@vodice-boats.com.<\/span><\/p>\n<p class=\"normal\"><span lang=\"UZ-CYR\">Slanjem upita, potpisom ugovora ili neposrednim kontaktom, korisnik dobrovoljno stavlja na raspolaganje svoje i podatke i time dozvoljava da se isti koriste u cilju za\u0161tite osobnih interesa u svim poslovima koje ugovara s Vodice-brodovi d.o.o.<\/span><\/p>\n<p class=\"normal\"><span lang=\"UZ-CYR\">Skupljanje i obrada osobnih podataka korisnika uklju\u010duje i proslje\u0111ivanje istih tre\u0107im osobama i trgova\u010dkim dru\u0161tvima u Republici Hrvatskoj i inozemstvu. Tre\u0107im osobama smatraju se sve fizi\u010dke osobe i trgova\u010dka dru\u0161tva koje su neophodne za realizaciju ugovorenih poslova.<\/span><\/p>\n<p class=\"normal\"><span lang=\"UZ-CYR\">Pohrana podataka se vr\u0161i na neodre\u0111eno vrijeme.<\/span><\/p>\n<h4 class=\"normal\"><b><span lang=\"UZ-CYR\">Kori\u0161tenje kola\u010di\u0107a (cookies) na web stranici<\/span><\/b><\/h4>\n<p class=\"normal\"><span lang=\"UZ-CYR\">Kako bi se osigurao ispravan rad web stranice, ponekad na va\u0161e ure\u0111aje pohranjujemo male podatkovne datoteke poznate pod nazivom kola\u010di\u0107i. Isto \u010dini i ve\u0107ina velikih web-mjesta.<\/span><\/p>\n<h5 class=\"normal\"><b><span lang=\"UZ-CYR\">\u0160to su kola\u010di\u0107i?<\/span><\/b><\/h5>\n<p class=\"normal\"><span lang=\"UZ-CYR\">Kola\u010di\u0107 je mala tekstna datoteka koja se pohranjuje na ra\u010dunalo ili mobilni ure\u0111aj pri posjetu odre\u0111enom <i>web<\/i>-mjestu. S pomo\u0107u kola\u010di\u0107a <i>web<\/i>-mjesto pamti va\u0161e radnje i \u017eeljene postavke (poput prijave, jezika, veli\u010dine fonta i drugih \u017eeljenih postavki koje se odnose na prikaz) tijekom duljeg razdoblja, pa ih nije potrebno ponovno unositi pri svakom povratku na <i>web<\/i>-mjesto odnosno pri pregledavanju njegovih razli\u010ditih stranica.<\/span><\/p>\n<p class=\"normal\"><span lang=\"UZ-CYR\">Kola\u010di\u0107i (cookies) su podaci poslani sa web stranice i spremljeni na korisnikov internet preglednik, u toku pregledavanja web stranice. Svakim kori\u0161tenjem web stranice, preglednik \u0161alje kola\u010di\u0107e natrag na server, kako bi informirao web stranicu o prethodnim aktivnostima korisnika.<\/span><\/p>\n<p class=\"normal\"><span lang=\"UZ-CYR\">Kola\u010di\u0107i su dizajnirani kao pouzdani mehanizmi za pam\u0107enje informacija (kao \u0161to su npr. proizvodi ko\u0161arice), ili da bilje\u017ee druge korisnikove aktivnosti (klikanje na odre\u0111ene linkove, logiranje, posje\u0107ene stranice i sl..)<\/span><\/p>\n<p class=\"normal\"><span lang=\"UZ-CYR\">Na web stranici www.vodice-boats.com u svrhu uvida u statistiku posje\u0107enosti koristi se Google Analytics, koji omogu\u0107ava uvid u posje\u0107enost s izvora kao \u0161to su dru\u0161tvene mre\u017ee, e-mailovi, ogla\u0161iva\u010dke platforme, web tra\u017eilice i\u00a0 drugi online servisi i alati.<\/span><\/p>\n<p class=\"normal\"><span lang=\"UZ-CYR\">Ukoliko korisnik ne \u017eeli prihvatiti kori\u0161tenje kola\u010di\u0107a na web stranici, mo\u017ee ih blokirati putem tipke na alatnoj traci koja se prikazuje u podno\u017eju web stranice.<\/span><\/p>\n<p class=\"normal\"><span lang=\"UZ-CYR\">Blokiranje kola\u010di\u0107a u internet preglednicima mogu\u0107e je uz upute na linku <\/span><span lang=\"UZ-CYR\"><a href=\"http:\/\/www.thewindowsclub.com\/disable-enable-cookies-internet-explorer\">http:\/\/www.thewindowsclub.com\/disable-enable-cookies-internet-explorer<\/a><\/span><span lang=\"UZ-CYR\">. <\/span><\/p>\n<p class=\"normal\"><span lang=\"UZ-CYR\">Ukoliko korisnik nakon prihva\u0107anja ili blokiranja \u017eeli promijeniti postavke kori\u0161tenja kola\u010di\u0107a putem alatne trake na web stranici (ponovno ih prihvatiti ih ili blokirati), mo\u017ee to napraviti najprije brisanjem kola\u010di\u0107a u svom internet pregledniku (vi\u0161o o tome na <\/span><span lang=\"UZ-CYR\"><a href=\"https:\/\/www.lifewire.com\/how-to-delete-cookies-2617981\">https:\/\/www.lifewire.com\/how-to-delete-cookies-2617981<\/a><\/span><span lang=\"UZ-CYR\">), nakon \u010dega \u0107e se prilikom sljede\u0107eg dolaska na web stranicu alatna traka s informacijama i kola\u010di\u0107ima ponovno pokazati. <\/span><\/p>\n<h5 class=\"normal\"><b><span lang=\"UZ-CYR\">Kako se kontroliraju kola\u010di\u0107i?<\/span><\/b><\/h5>\n<p class=\"normal\"><span lang=\"UZ-CYR\">Kola\u010di\u0107e mo\u017eete <b>kontrolirati i\/ili izbrisati<\/b>prema \u017eelji. Vi\u0161e informacija potra\u017eite na: <\/span><span lang=\"UZ-CYR\"><a href=\"http:\/\/www.aboutcookies.org\/\">aboutcookies.org<\/a><\/span><span lang=\"UZ-CYR\">.\u00a0 Mo\u017eete izbrisati sve kola\u010di\u0107e koji su ve\u0107 pohranjeni na ra\u010dunalu, a postavke ve\u0107ine preglednika omogu\u0107uju blokiranje pohrane kola\u010di\u0107a. Ako blokirate kola\u010di\u0107e, mo\u017eda \u0107ete pri svakom posjetu <i>web<\/i>-mjestu morati ru\u010dno prilago\u0111ivati neke \u017eeljene postavke, a odre\u0111ene usluge i funkcije mo\u017eda ne\u0107e biti dostupne.<\/span><\/p>\n<p class=\"normal\"><span lang=\"UZ-CYR\">\u00a0<\/span><\/p>\n<p class=\"normal\"><span lang=\"UZ-CYR\">SVA PRAVA PRIDR\u017dANA<\/span><\/p>\n<p class=\"normal\"><b><span lang=\"UZ-CYR\">\u00a0<\/span><\/b><\/p>\n","protected":false},"excerpt":{"rendered":"<p>Podaci korisnika i njihova sigurnost Na odre\u0111enim mjestima unutar web stranice i u odre\u0111eno vrijeme, prikupljati \u0107e se osobni podaci korisnika. Ti podaci \u0107e se koristiti u svrhu kontakata i evidencije korisnika, te u svrhu statisti\u010dke obrade posje\u0107enosti web stranice. Vodice-brodovi d.o.o. jam\u010di da podatke koje prikupi na taj na\u010din ne\u0107e prodavati. Ure\u0111ivanje i brisanje &hellip; <a href=\"https:\/\/vodice-boats.com\/en\/uvjeti-koristenja-i-privatnost\/\">More<\/a><\/p>\n","protected":false},"author":1,"featured_media":3534,"parent":0,"menu_order":0,"comment_status":"closed","ping_status":"closed","template":"","meta":{"_acf_changed":false,"footnotes":""},"class_list":["post-635","page","type-page","status-publish","has-post-thumbnail","hentry"],"acf":[],"_links":{"self":[{"href":"https:\/\/vodice-boats.com\/en\/wp-json\/wp\/v2\/pages\/635","targetHints":{"allow":["GET"]}}],"collection":[{"href":"https:\/\/vodice-boats.com\/en\/wp-json\/wp\/v2\/pages"}],"about":[{"href":"https:\/\/vodice-boats.com\/en\/wp-json\/wp\/v2\/types\/page"}],"author":[{"embeddable":true,"href":"https:\/\/vodice-boats.com\/en\/wp-json\/wp\/v2\/users\/1"}],"replies":[{"embeddable":true,"href":"https:\/\/vodice-boats.com\/en\/wp-json\/wp\/v2\/comments?post=635"}],"version-history":[{"count":0,"href":"https:\/\/vodice-boats.com\/en\/wp-json\/wp\/v2\/pages\/635\/revisions"}],"wp:featuredmedia":[{"embeddable":true,"href":"https:\/\/vodice-boats.com\/en\/wp-json\/wp\/v2\/media\/3534"}],"wp:attachment":[{"href":"https:\/\/vodice-boats.com\/en\/wp-json\/wp\/v2\/media?parent=635"}],"curies":[{"name":"wp","href":"https:\/\/api.w.org\/{rel}","templated":true}]}}